{"id":9503,"date":"2022-04-02T17:57:15","date_gmt":"2022-04-02T17:57:15","guid":{"rendered":"http:\/\/www.hydro4world.com\/politica-de-cookies\/"},"modified":"2022-04-02T17:57:15","modified_gmt":"2022-04-02T17:57:15","slug":"politica-de-cookies","status":"publish","type":"page","link":"https:\/\/www.hydro4world.com\/es\/politica-de-cookies\/","title":{"rendered":"Pol\u00edtica de cookies"},"content":{"rendered":"\n<p>Utilizamos cookies para mejorar el rendimiento y su experiencia de usuario en nuestro sitio web.<\/p>\n\n<p><strong>\u00bfQu\u00e9 son las cookies?<\/strong><\/p>\n\n<p>Las cookies son peque\u00f1os archivos de texto que un sitio web, cuando se visita, coloca en la computadora o dispositivo m\u00f3vil del usuario, a trav\u00e9s del navegador de Internet (navegador). La colocaci\u00f3n de cookies ayudar\u00e1 al sitio web a reconocer su dispositivo en una pr\u00f3xima visita. Usamos el t\u00e9rmino cookies en esta pol\u00edtica para referirnos a todos los archivos que recopilan informaci\u00f3n de esta manera.<\/p>\n\n<p>Las cookies utilizadas no recogen informaci\u00f3n que pueda ser utilizada para identificarle o contactarle, como su nombre, direcci\u00f3n de correo electr\u00f3nico, direcciones personales o profesionales o n\u00famero de tel\u00e9fono. Sin embargo, si ya es nuestro cliente y ha autorizado el uso de sus datos personales con fines de marketing, podemos registrar sus visitas al sitio web si ha accedido a trav\u00e9s de una comunicaci\u00f3n que le enviamos (correo electr\u00f3nico o SMS, por ejemplo).<\/p>\n\n<p>Las cookies tambi\u00e9n recopilan informaci\u00f3n gen\u00e9rica, a saber, c\u00f3mo los usuarios llegan y usan los sitios o el pa\u00eds o pa\u00edses a trav\u00e9s de los cuales acceden al sitio, etc.<\/p>\n\n<p>Las cookies solo retienen informaci\u00f3n relacionada con sus preferencias.<br\/>En cualquier momento, el usuario puede, a trav\u00e9s de su navegador de Internet (navegador), decidir ser avisado de la recepci\u00f3n de cookies, as\u00ed como bloquear su entrada en su sistema.<\/p>\n\n<p>La negativa a utilizar cookies en el sitio web puede tener como consecuencia la imposibilidad de acceder a algunas de sus \u00e1reas o recibir informaci\u00f3n personalizada.<\/p>\n\n<p><strong>\u00bfPara qu\u00e9 sirven las Cookies?<\/strong><\/p>\n\n<p>Las cookies se utilizan para ayudar a determinar la utilidad, el inter\u00e9s y la cantidad de usos de los sitios web, lo que permite una navegaci\u00f3n m\u00e1s r\u00e1pida y eficiente y elimina la necesidad de ingresar repetidamente la misma informaci\u00f3n.<\/p>\n\n<p><strong>\u00bfQu\u00e9 tipo de Cookies utilizamos?<\/strong><\/p>\n\n<p>Nuestras cookies tienen diferentes funciones:<\/p>\n\n<p>Cookies esenciales: algunas cookies son esenciales para acceder a \u00e1reas espec\u00edficas de nuestro sitio web. Permiten la navegaci\u00f3n en el sitio y el uso de sus aplicaciones, como acceder a \u00e1reas seguras del sitio a trav\u00e9s del inicio de sesi\u00f3n. Sin estas cookies no se pueden prestar los servicios que las requieren.<\/p>\n\n<p>Cookies anal\u00edticas: utilizamos estas cookies para analizar c\u00f3mo los usuarios usan el sitio web y monitorear su rendimiento. Esto nos permite brindar una experiencia de alta calidad al personalizar nuestra oferta e identificar y corregir r\u00e1pidamente cualquier problema que surja. Por ejemplo, utilizamos cookies de rendimiento para averiguar qu\u00e9 p\u00e1ginas son m\u00e1s populares, qu\u00e9 m\u00e9todo de enlace entre p\u00e1ginas es m\u00e1s efectivo o para determinar por qu\u00e9 algunas p\u00e1ginas reciben mensajes de error. Seg\u00fan el uso del sitio, tambi\u00e9n podemos usar estas cookies para resaltar art\u00edculos o servicios en el sitio que creemos que ser\u00e1n de inter\u00e9s para los usuarios. Estas cookies se utilizan \u00fanicamente con el fin de crear y analizar estad\u00edsticas, sin recopilar nunca informaci\u00f3n personal.<\/p>\n\n<p>Cookies de funcionalidad: utilizamos cookies de funcionalidad para permitirnos recordar las preferencias del usuario. Por ejemplo, las cookies evitan escribir el nombre del usuario cada vez que accede al sitio. Tambi\u00e9n utilizamos cookies de funcionalidad para proporcionar servicios avanzados al usuario, como comentar un art\u00edculo. En resumen, las cookies de funcionalidad guardan las preferencias del usuario en cuanto al uso del sitio web, por lo que no es necesario reconfigurar el sitio web cada vez que lo visita.<\/p>\n\n<p>Cookies de terceros: sirven para medir el \u00e9xito de las aplicaciones y la efectividad de la publicidad de terceros en nuestro sitio web.<br\/>Cookies publicitarias \u2013 Sirven para dirigir la publicidad en funci\u00f3n de los intereses de cada usuario y del n\u00famero de visitas que realiza, permitiendo limitar el n\u00famero de veces que se visualiza el anuncio. Estas cookies ayudan a medir la efectividad de la publicidad.<\/p>\n\n<p><strong>Las Cookies utilizadas pueden ser:<\/strong><br\/>Cookies permanentes: se almacenan a nivel del navegador de Internet (navegador) en sus dispositivos de acceso (pc, m\u00f3vil y tableta) y se utilizan cada vez que el usuario realiza una nueva visita al sitio web. Generalmente se utilizan para orientar la navegaci\u00f3n de acuerdo con los intereses del usuario, permiti\u00e9ndonos brindar un servicio m\u00e1s personalizado.<\/p>\n\n<p>Cookies de sesi\u00f3n \u2013 Son temporales, permanecen en las cookies de su navegador de internet (navegador) hasta que abandone el sitio. La informaci\u00f3n obtenida permite identificar problemas y brindar una mejor experiencia de navegaci\u00f3n.<\/p>\n\n<p>Despu\u00e9s de autorizar el uso de Cookies, el usuario siempre puede deshabilitar parte o la totalidad de nuestras cookies.<\/p>\n\n<p>Todos los navegadores permiten al usuario aceptar, rechazar o eliminar cookies, es decir, seleccionando la configuraci\u00f3n adecuada en el navegador respectivo. Puede configurar las Cookies en el men\u00fa de \u00abopciones\u00bb o \u00abpreferencias\u00bb de su navegador.<\/p>\n\n<p>Tenga en cuenta, sin embargo, que al deshabilitar las cookies, puede impedir que algunos servicios web funcionen correctamente, afectando, parcial o totalmente, la navegaci\u00f3n por el sitio web.<\/p>\n\n<p>Le recordamos que al deshabilitar las cookies, es posible que partes de nuestro sitio web no funcionen correctamente.<\/p>\n\n<p>M\u00e1s informaci\u00f3n sobre las cookies en: <a href=\"http:\/\/www.allaboutcookies.org\">www.allaboutcookies.org<\/a><\/p>\n","protected":false},"excerpt":{"rendered":"<p>Utilizamos cookies para mejorar el rendimiento y su experiencia de usuario en nuestro sitio web. \u00bfQu\u00e9 son las cookies? Las cookies son peque\u00f1os archivos de texto que un sitio web, cuando se visita, coloca en la computadora o dispositivo m\u00f3vil del usuario, a trav\u00e9s del&#8230;<\/p>\n","protected":false},"author":1,"featured_media":0,"parent":0,"menu_order":0,"comment_status":"closed","ping_status":"closed","template":"","meta":[],"amp_enabled":true,"_links":{"self":[{"href":"https:\/\/www.hydro4world.com\/es\/wp-json\/wp\/v2\/pages\/9503"}],"collection":[{"href":"https:\/\/www.hydro4world.com\/es\/wp-json\/wp\/v2\/pages"}],"about":[{"href":"https:\/\/www.hydro4world.com\/es\/wp-json\/wp\/v2\/types\/page"}],"author":[{"embeddable":true,"href":"https:\/\/www.hydro4world.com\/es\/wp-json\/wp\/v2\/users\/1"}],"replies":[{"embeddable":true,"href":"https:\/\/www.hydro4world.com\/es\/wp-json\/wp\/v2\/comments?post=9503"}],"version-history":[{"count":1,"href":"https:\/\/www.hydro4world.com\/es\/wp-json\/wp\/v2\/pages\/9503\/revisions"}],"predecessor-version":[{"id":9504,"href":"https:\/\/www.hydro4world.com\/es\/wp-json\/wp\/v2\/pages\/9503\/revisions\/9504"}],"wp:attachment":[{"href":"https:\/\/www.hydro4world.com\/es\/wp-json\/wp\/v2\/media?parent=9503"}],"curies":[{"name":"wp","href":"https:\/\/api.w.org\/{rel}","templated":true}]}}